{"id":4686,"date":"2021-07-21T13:13:22","date_gmt":"2021-07-21T11:13:22","guid":{"rendered":"https:\/\/www.lagencedepub.be\/about-founder-team\/"},"modified":"2024-12-28T15:45:44","modified_gmt":"2024-12-28T14:45:44","slug":"about-founder-team","status":"publish","type":"page","link":"https:\/\/www.lagencedepub.be\/en\/about-founder-team\/","title":{"rendered":"A propos &#038; fondateur \/ team"},"content":{"rendered":"\t\t<div data-elementor-type=\"wp-page\" data-elementor-id=\"4686\" class=\"elementor elementor-4686 elementor-2485\" data-elementor-post-type=\"page\">\n\t\t\t\t\t\t<section class=\"elementor-section elementor-top-section elementor-element elementor-element-51df43e4 elementor-section-full_width enteteSlide elementor-section-height-default elementor-section-height-default\" data-id=\"51df43e4\" data-element_type=\"section\" data-e-type=\"section\" data-settings=\"{&quot;background_background&quot;:&quot;classic&quot;}\">\n\t\t\t\t\t\t<div class=\"elementor-container elementor-column-gap-no\">\n\t\t\t\t\t<div class=\"elementor-column elementor-col-100 elementor-top-column elementor-element elementor-element-60935c48\" data-id=\"60935c48\" data-element_type=\"column\" data-e-type=\"column\" data-settings=\"{&quot;background_background&quot;:&quot;classic&quot;}\">\n\t\t\t<div class=\"elementor-widget-wrap elementor-element-populated\">\n\t\t\t\t\t\t<section class=\"elementor-section elementor-inner-section elementor-element elementor-element-260790b6 elementor-section-full_width elementor-section-height-default elementor-section-height-default\" data-id=\"260790b6\" data-element_type=\"section\" data-e-type=\"section\">\n\t\t\t\t\t\t<div class=\"elementor-container elementor-column-gap-no\">\n\t\t\t\t\t<div class=\"elementor-column elementor-col-100 elementor-inner-column elementor-element elementor-element-53b7706e\" data-id=\"53b7706e\" data-element_type=\"column\" data-e-type=\"column\">\n\t\t\t<div class=\"elementor-widget-wrap elementor-element-populated\">\n\t\t\t\t\t\t<div class=\"elementor-element elementor-element-6cd38e20 logo-menu homeLogo elementor-widget elementor-widget-image\" data-id=\"6cd38e20\" data-element_type=\"widget\" data-e-type=\"widget\" data-widget_type=\"image.default\">\n\t\t\t\t<div class=\"elementor-widget-container\">\n\t\t\t\t\t\t\t\t\t\t\t\t\t\t\t\t<a href=\"\/\">\n\t\t\t\t\t\t\t<img decoding=\"async\" src=\"https:\/\/www.lagencedepub.be\/wp-content\/uploads\/2021\/05\/logo.svg\" title=\"Ad Agency\" alt=\"Ad Agency\" loading=\"lazy\" \/>\t\t\t\t\t\t\t\t<\/a>\n\t\t\t\t\t\t\t\t\t\t\t\t\t\t\t<\/div>\n\t\t\t\t<\/div>\n\t\t\t\t\t<\/div>\n\t\t<\/div>\n\t\t\t\t\t<\/div>\n\t\t<\/section>\n\t\t\t\t<section class=\"elementor-section elementor-inner-section elementor-element elementor-element-7b5381d elementor-section-full_width elementor-section-height-default elementor-section-height-default\" data-id=\"7b5381d\" data-element_type=\"section\" data-e-type=\"section\">\n\t\t\t\t\t\t<div class=\"elementor-container elementor-column-gap-no\">\n\t\t\t\t\t<div class=\"elementor-column elementor-col-100 elementor-inner-column elementor-element elementor-element-15ab4ae1\" data-id=\"15ab4ae1\" data-element_type=\"column\" data-e-type=\"column\">\n\t\t\t<div class=\"elementor-widget-wrap elementor-element-populated\">\n\t\t\t\t\t\t<div class=\"elementor-element elementor-element-397b8fe1 elementor-widget elementor-widget-heading\" data-id=\"397b8fe1\" data-element_type=\"widget\" data-e-type=\"widget\" data-widget_type=\"heading.default\">\n\t\t\t\t<div class=\"elementor-widget-container\">\n\t\t\t\t\t<h1 class=\"elementor-heading-title elementor-size-default\">THE STORY<\/h1>\t\t\t\t<\/div>\n\t\t\t\t<\/div>\n\t\t\t\t\t<\/div>\n\t\t<\/div>\n\t\t\t\t\t<\/div>\n\t\t<\/section>\n\t\t\t\t\t<\/div>\n\t\t<\/div>\n\t\t\t\t\t<\/div>\n\t\t<\/section>\n\t\t\t\t<section class=\"elementor-section elementor-top-section elementor-element elementor-element-2a3603a7 elementor-section-full_width elementor-section-height-default elementor-section-height-default\" data-id=\"2a3603a7\" data-element_type=\"section\" data-e-type=\"section\">\n\t\t\t\t\t\t<div class=\"elementor-container elementor-column-gap-no\">\n\t\t\t\t\t<div class=\"elementor-column elementor-col-100 elementor-top-column elementor-element elementor-element-12bf10d4\" data-id=\"12bf10d4\" data-element_type=\"column\" data-e-type=\"column\">\n\t\t\t<div class=\"elementor-widget-wrap elementor-element-populated\">\n\t\t\t\t\t\t<section class=\"elementor-section elementor-inner-section elementor-element elementor-element-52fd3ba elementor-section-full_width elementor-section-height-default elementor-section-height-default\" data-id=\"52fd3ba\" data-element_type=\"section\" data-e-type=\"section\">\n\t\t\t\t\t\t<div class=\"elementor-container elementor-column-gap-no\">\n\t\t\t\t\t<div class=\"elementor-column elementor-col-50 elementor-inner-column elementor-element elementor-element-59bd586f\" data-id=\"59bd586f\" data-element_type=\"column\" data-e-type=\"column\" data-settings=\"{&quot;background_background&quot;:&quot;classic&quot;}\">\n\t\t\t<div class=\"elementor-widget-wrap elementor-element-populated\">\n\t\t\t\t\t\t<div class=\"elementor-element elementor-element-70948280 noMarginBottomModule elementor-widget elementor-widget-heading\" data-id=\"70948280\" data-element_type=\"widget\" data-e-type=\"widget\" data-widget_type=\"heading.default\">\n\t\t\t\t<div class=\"elementor-widget-container\">\n\t\t\t\t\t<h2 class=\"elementor-heading-title elementor-size-default\">About L'AGENCE DE PUB<\/h2>\t\t\t\t<\/div>\n\t\t\t\t<\/div>\n\t\t\t\t<div class=\"elementor-element elementor-element-7bb2d374 noMarginBottomModule elementor-widget elementor-widget-text-editor\" data-id=\"7bb2d374\" data-element_type=\"widget\" data-e-type=\"widget\" data-widget_type=\"text-editor.default\">\n\t\t\t\t<div class=\"elementor-widget-container\">\n\t\t\t\t\t\t\t\t\t<p style=\"margin-bottom: 0;\">A 360\u00b0 advertising agency with a creative and strategic DNA.<\/p>\t\t\t\t\t\t\t\t<\/div>\n\t\t\t\t<\/div>\n\t\t\t\t<div class=\"elementor-element elementor-element-6a54ea5 elementor-widget elementor-widget-text-editor\" data-id=\"6a54ea5\" data-element_type=\"widget\" data-e-type=\"widget\" data-widget_type=\"text-editor.default\">\n\t\t\t\t<div class=\"elementor-widget-container\">\n\t\t\t\t\t\t\t\t\tFounded in 2016 by Pascal Wouters, L&#8217;Agence de PUB is a 360\u00b0 full-service advertising agency with a creative and strategic DNA. By placing creative values and a claimed passion for brands at the heart of its business, it converges on an integrated strategic vision adapted to each brand profile.\r\n\r\nThanks to its global vision in omnichannel supported by inbound, content, growth and influence marketing, it is a very flexible agency that is largely inspired by lean and agile methodologies adopted by start-ups.\t\t\t\t\t\t\t\t<\/div>\n\t\t\t\t<\/div>\n\t\t\t\t<div class=\"elementor-element elementor-element-26e330c elementor-widget-divider--view-line elementor-widget elementor-widget-divider\" data-id=\"26e330c\" data-element_type=\"widget\" data-e-type=\"widget\" data-widget_type=\"divider.default\">\n\t\t\t\t<div class=\"elementor-widget-container\">\n\t\t\t\t\t\t\t<div class=\"elementor-divider\">\n\t\t\t<span class=\"elementor-divider-separator\">\n\t\t\t\t\t\t<\/span>\n\t\t<\/div>\n\t\t\t\t\t\t<\/div>\n\t\t\t\t<\/div>\n\t\t\t\t<div class=\"elementor-element elementor-element-19ddb59 elementor-widget elementor-widget-spacer\" data-id=\"19ddb59\" data-element_type=\"widget\" data-e-type=\"widget\" data-widget_type=\"spacer.default\">\n\t\t\t\t<div class=\"elementor-widget-container\">\n\t\t\t\t\t\t\t<div class=\"elementor-spacer\">\n\t\t\t<div class=\"elementor-spacer-inner\"><\/div>\n\t\t<\/div>\n\t\t\t\t\t\t<\/div>\n\t\t\t\t<\/div>\n\t\t\t\t<div class=\"elementor-element elementor-element-e553ef4 elementor-align-center elementor-widget elementor-widget-button\" data-id=\"e553ef4\" data-element_type=\"widget\" data-e-type=\"widget\" data-widget_type=\"button.default\">\n\t\t\t\t<div class=\"elementor-widget-container\">\n\t\t\t\t\t\t\t\t\t<div class=\"elementor-button-wrapper\">\n\t\t\t\t\t<a class=\"elementor-button elementor-button-link elementor-size-sm\" href=\"https:\/\/www.lagencedepub.be\/a-propos-fondateur-team\/\" target=\"_blank\">\n\t\t\t\t\t\t<span class=\"elementor-button-content-wrapper\">\n\t\t\t\t\t\t\t\t\t<span class=\"elementor-button-text\">MORE ABOUT<\/span>\n\t\t\t\t\t<\/span>\n\t\t\t\t\t<\/a>\n\t\t\t\t<\/div>\n\t\t\t\t\t\t\t\t<\/div>\n\t\t\t\t<\/div>\n\t\t\t\t\t<\/div>\n\t\t<\/div>\n\t\t\t\t<div class=\"elementor-column elementor-col-50 elementor-inner-column elementor-element elementor-element-835df23\" data-id=\"835df23\" data-element_type=\"column\" data-e-type=\"column\" data-settings=\"{&quot;background_background&quot;:&quot;classic&quot;}\">\n\t\t\t<div class=\"elementor-widget-wrap elementor-element-populated\">\n\t\t\t\t\t\t<div class=\"elementor-element elementor-element-1f49370 serviceModule elementor-position-top elementor-widget elementor-widget-image-box\" data-id=\"1f49370\" data-element_type=\"widget\" data-e-type=\"widget\" data-widget_type=\"image-box.default\">\n\t\t\t\t<div class=\"elementor-widget-container\">\n\t\t\t\t\t<div class=\"elementor-image-box-wrapper\"><figure class=\"elementor-image-box-img\"><a href=\"https:\/\/www.lagencedepub.be\/en\/agency-briefing\/\" tabindex=\"-1\"><img fetchpriority=\"high\" decoding=\"async\" width=\"512\" height=\"512\" src=\"https:\/\/www.lagencedepub.be\/wp-content\/uploads\/2021\/09\/le-briefing-icon-e1631712533126.png\" class=\"attachment-full size-full wp-image-6616\" alt=\"The briefing\" \/><\/a><\/figure><div class=\"elementor-image-box-content\"><h6 class=\"elementor-image-box-title\"><a href=\"https:\/\/www.lagencedepub.be\/en\/agency-briefing\/\"><h4 data-elementor-setting-key=\"title_text\" data-elementor-inline-editing-toolbar=\"none\" data-pen-placeholder=\"\u00c9crivez ici...\" style=\"font-size: 1.4vw;letter-spacing: normal\">LE BRIEFING<\/h4><\/a><\/h6><\/div><\/div>\t\t\t\t<\/div>\n\t\t\t\t<\/div>\n\t\t\t\t<div class=\"elementor-element elementor-element-761db4d serviceModule elementor-position-top elementor-widget elementor-widget-image-box\" data-id=\"761db4d\" data-element_type=\"widget\" data-e-type=\"widget\" data-widget_type=\"image-box.default\">\n\t\t\t\t<div class=\"elementor-widget-container\">\n\t\t\t\t\t<div class=\"elementor-image-box-wrapper\"><figure class=\"elementor-image-box-img\"><a href=\"https:\/\/meetings.hubspot.com\/lagence-depublicite\" tabindex=\"-1\"><img decoding=\"async\" width=\"512\" height=\"512\" data-src=\"https:\/\/www.lagencedepub.be\/wp-content\/uploads\/2021\/09\/rendez-vous-e1631712477824.png\" class=\"attachment-full size-full wp-image-6614 lazyload\" alt=\"R\u00e9servez votre r\u00e9union avec L&#039;AGENCE DE PUB\" src=\"data:image\/svg+xml;base64,PHN2ZyB3aWR0aD0iMSIgaGVpZ2h0PSIxIiB4bWxucz0iaHR0cDovL3d3dy53My5vcmcvMjAwMC9zdmciPjwvc3ZnPg==\" style=\"--smush-placeholder-width: 512px; --smush-placeholder-aspect-ratio: 512\/512;\" \/><\/a><\/figure><div class=\"elementor-image-box-content\"><h6 class=\"elementor-image-box-title\"><a href=\"https:\/\/meetings.hubspot.com\/lagence-depublicite\"><h4 data-elementor-setting-key=\"title_text\" data-elementor-inline-editing-toolbar=\"none\" data-pen-placeholder=\"\u00c9crivez ici...\" style=\"font-size: 1.4vw;letter-spacing: normal\">RESERVEZ UNE REUNION<\/h4><\/a><\/h6><\/div><\/div>\t\t\t\t<\/div>\n\t\t\t\t<\/div>\n\t\t\t\t\t<\/div>\n\t\t<\/div>\n\t\t\t\t\t<\/div>\n\t\t<\/section>\n\t\t\t\t\t<\/div>\n\t\t<\/div>\n\t\t\t\t\t<\/div>\n\t\t<\/section>\n\t\t\t\t<section class=\"elementor-section elementor-top-section elementor-element elementor-element-5f77ccda elementor-section-full_width elementor-section-height-default elementor-section-height-default\" data-id=\"5f77ccda\" data-element_type=\"section\" data-e-type=\"section\">\n\t\t\t\t\t\t<div class=\"elementor-container elementor-column-gap-default\">\n\t\t\t\t\t<div class=\"elementor-column elementor-col-100 elementor-top-column elementor-element elementor-element-6bf55a9a\" data-id=\"6bf55a9a\" data-element_type=\"column\" data-e-type=\"column\" data-settings=\"{&quot;background_background&quot;:&quot;classic&quot;}\">\n\t\t\t<div class=\"elementor-widget-wrap elementor-element-populated\">\n\t\t\t\t\t\t<div class=\"elementor-element elementor-element-4578d25f elementor-widget elementor-widget-spacer\" data-id=\"4578d25f\" data-element_type=\"widget\" data-e-type=\"widget\" data-widget_type=\"spacer.default\">\n\t\t\t\t<div class=\"elementor-widget-container\">\n\t\t\t\t\t\t\t<div class=\"elementor-spacer\">\n\t\t\t<div class=\"elementor-spacer-inner\"><\/div>\n\t\t<\/div>\n\t\t\t\t\t\t<\/div>\n\t\t\t\t<\/div>\n\t\t\t\t\t<\/div>\n\t\t<\/div>\n\t\t\t\t\t<\/div>\n\t\t<\/section>\n\t\t\t\t<section class=\"elementor-section elementor-top-section elementor-element elementor-element-b47106d elementor-section-boxed elementor-section-height-default elementor-section-height-default\" data-id=\"b47106d\" data-element_type=\"section\" data-e-type=\"section\">\n\t\t\t\t\t\t<div class=\"elementor-container elementor-column-gap-default\">\n\t\t\t\t\t<div class=\"elementor-column elementor-col-100 elementor-top-column elementor-element elementor-element-0c97b22\" data-id=\"0c97b22\" data-element_type=\"column\" data-e-type=\"column\">\n\t\t\t<div class=\"elementor-widget-wrap elementor-element-populated\">\n\t\t\t\t\t\t<div class=\"elementor-element elementor-element-40287ca elementor-widget elementor-widget-spacer\" data-id=\"40287ca\" data-element_type=\"widget\" data-e-type=\"widget\" data-widget_type=\"spacer.default\">\n\t\t\t\t<div class=\"elementor-widget-container\">\n\t\t\t\t\t\t\t<div class=\"elementor-spacer\">\n\t\t\t<div class=\"elementor-spacer-inner\"><\/div>\n\t\t<\/div>\n\t\t\t\t\t\t<\/div>\n\t\t\t\t<\/div>\n\t\t\t\t<div class=\"elementor-element elementor-element-72a9471 elementor-widget elementor-widget-heading\" data-id=\"72a9471\" data-element_type=\"widget\" data-e-type=\"widget\" data-widget_type=\"heading.default\">\n\t\t\t\t<div class=\"elementor-widget-container\">\n\t\t\t\t\t<h2 class=\"elementor-heading-title elementor-size-default\">PRESS COVERAGE<\/h2>\t\t\t\t<\/div>\n\t\t\t\t<\/div>\n\t\t\t\t<div class=\"elementor-element elementor-element-b53606d elementor-widget elementor-widget-heading\" data-id=\"b53606d\" data-element_type=\"widget\" data-e-type=\"widget\" data-widget_type=\"heading.default\">\n\t\t\t\t<div class=\"elementor-widget-container\">\n\t\t\t\t\t<h4 class=\"elementor-heading-title elementor-size-default\">L'Agence de PUB in the press<\/h4>\t\t\t\t<\/div>\n\t\t\t\t<\/div>\n\t\t\t\t\t<\/div>\n\t\t<\/div>\n\t\t\t\t\t<\/div>\n\t\t<\/section>\n\t\t\t\t<section class=\"elementor-section elementor-top-section elementor-element elementor-element-7a39396 elementor-section-boxed elementor-section-height-default elementor-section-height-default\" data-id=\"7a39396\" data-element_type=\"section\" data-e-type=\"section\">\n\t\t\t\t\t\t<div class=\"elementor-container elementor-column-gap-default\">\n\t\t\t\t\t<div class=\"elementor-column elementor-col-100 elementor-top-column elementor-element elementor-element-8207c86\" data-id=\"8207c86\" data-element_type=\"column\" data-e-type=\"column\">\n\t\t\t<div class=\"elementor-widget-wrap elementor-element-populated\">\n\t\t\t\t\t\t<div class=\"elementor-element elementor-element-4d59b36 elementor-widget elementor-widget-spacer\" data-id=\"4d59b36\" data-element_type=\"widget\" data-e-type=\"widget\" data-widget_type=\"spacer.default\">\n\t\t\t\t<div class=\"elementor-widget-container\">\n\t\t\t\t\t\t\t<div class=\"elementor-spacer\">\n\t\t\t<div class=\"elementor-spacer-inner\"><\/div>\n\t\t<\/div>\n\t\t\t\t\t\t<\/div>\n\t\t\t\t<\/div>\n\t\t\t\t\t<\/div>\n\t\t<\/div>\n\t\t\t\t\t<\/div>\n\t\t<\/section>\n\t\t\t\t<section class=\"elementor-section elementor-top-section elementor-element elementor-element-1d8f527 elementor-section-boxed elementor-section-height-default elementor-section-height-default\" data-id=\"1d8f527\" data-element_type=\"section\" data-e-type=\"section\">\n\t\t\t\t\t\t<div class=\"elementor-container elementor-column-gap-default\">\n\t\t\t\t\t<div class=\"elementor-column elementor-col-33 elementor-top-column elementor-element elementor-element-5e1a4f3\" data-id=\"5e1a4f3\" data-element_type=\"column\" data-e-type=\"column\">\n\t\t\t<div class=\"elementor-widget-wrap elementor-element-populated\">\n\t\t\t\t\t\t<div class=\"elementor-element elementor-element-004c157 elementor-position-top elementor-widget elementor-widget-image-box\" data-id=\"004c157\" data-element_type=\"widget\" data-e-type=\"widget\" data-widget_type=\"image-box.default\">\n\t\t\t\t<div class=\"elementor-widget-container\">\n\t\t\t\t\t<div class=\"elementor-image-box-wrapper\"><figure class=\"elementor-image-box-img\"><a href=\"https:\/\/pub.be\/fr\/les-petites-annonces-de-lagence-de-pub\/\" target=\"_blank\" tabindex=\"-1\"><img decoding=\"async\" width=\"836\" height=\"1346\" data-src=\"https:\/\/www.lagencedepub.be\/wp-content\/uploads\/2021\/07\/Preview-LES-PETITES-ANNONCES-DE-LAGENCE-DE-PUB-PUB-2021-07-26-17-33-06.png\" class=\"attachment-full size-full wp-image-4912 lazyload\" alt=\"Article les petites annonces de l&#039;agence de pub - pascal wouters\" data-srcset=\"https:\/\/www.lagencedepub.be\/wp-content\/uploads\/2021\/07\/Preview-LES-PETITES-ANNONCES-DE-LAGENCE-DE-PUB-PUB-2021-07-26-17-33-06.png 836w, https:\/\/www.lagencedepub.be\/wp-content\/uploads\/2021\/07\/Preview-LES-PETITES-ANNONCES-DE-LAGENCE-DE-PUB-PUB-2021-07-26-17-33-06-186x300.png 186w, https:\/\/www.lagencedepub.be\/wp-content\/uploads\/2021\/07\/Preview-LES-PETITES-ANNONCES-DE-LAGENCE-DE-PUB-PUB-2021-07-26-17-33-06-636x1024.png 636w, https:\/\/www.lagencedepub.be\/wp-content\/uploads\/2021\/07\/Preview-LES-PETITES-ANNONCES-DE-LAGENCE-DE-PUB-PUB-2021-07-26-17-33-06-768x1237.png 768w\" data-sizes=\"(max-width: 836px) 100vw, 836px\" src=\"data:image\/svg+xml;base64,PHN2ZyB3aWR0aD0iMSIgaGVpZ2h0PSIxIiB4bWxucz0iaHR0cDovL3d3dy53My5vcmcvMjAwMC9zdmciPjwvc3ZnPg==\" style=\"--smush-placeholder-width: 836px; --smush-placeholder-aspect-ratio: 836\/1346;\" \/><\/a><\/figure><div class=\"elementor-image-box-content\"><h3 class=\"elementor-image-box-title\"><a href=\"https:\/\/pub.be\/fr\/les-petites-annonces-de-lagence-de-pub\/\" target=\"_blank\">LES PETITES ANNONCES DE L'AGENCE DE PUB <\/a><\/h3><p class=\"elementor-image-box-description\">Article magazine PUB | 18\/03\/2021<\/p><\/div><\/div>\t\t\t\t<\/div>\n\t\t\t\t<\/div>\n\t\t\t\t\t<\/div>\n\t\t<\/div>\n\t\t\t\t<div class=\"elementor-column elementor-col-33 elementor-top-column elementor-element elementor-element-01d5f88\" data-id=\"01d5f88\" data-element_type=\"column\" data-e-type=\"column\">\n\t\t\t<div class=\"elementor-widget-wrap elementor-element-populated\">\n\t\t\t\t\t\t<div class=\"elementor-element elementor-element-6a76fc1 elementor-position-top elementor-widget elementor-widget-image-box\" data-id=\"6a76fc1\" data-element_type=\"widget\" data-e-type=\"widget\" data-widget_type=\"image-box.default\">\n\t\t\t\t<div class=\"elementor-widget-container\">\n\t\t\t\t\t<div class=\"elementor-image-box-wrapper\"><figure class=\"elementor-image-box-img\"><a href=\"https:\/\/pub.be\/fr\/edebex-emmene-les-francais-au-21e-siecle\/\" target=\"_blank\" tabindex=\"-1\"><img decoding=\"async\" width=\"786\" height=\"1340\" data-src=\"https:\/\/www.lagencedepub.be\/wp-content\/uploads\/2021\/07\/Preview-article-Edebex-emme\u0300ne-les-Franc\u0327ais-au-21e-sie\u0300cle-PUB.png\" class=\"attachment-full size-full wp-image-4942 lazyload\" alt=\"EDEBEX EMM\u00c8NE LES FRAN\u00c7AIS AU 21E SI\u00c8CLE\" data-srcset=\"https:\/\/www.lagencedepub.be\/wp-content\/uploads\/2021\/07\/Preview-article-Edebex-emme\u0300ne-les-Franc\u0327ais-au-21e-sie\u0300cle-PUB.png 786w, https:\/\/www.lagencedepub.be\/wp-content\/uploads\/2021\/07\/Preview-article-Edebex-emme\u0300ne-les-Franc\u0327ais-au-21e-sie\u0300cle-PUB-176x300.png 176w, https:\/\/www.lagencedepub.be\/wp-content\/uploads\/2021\/07\/Preview-article-Edebex-emme\u0300ne-les-Franc\u0327ais-au-21e-sie\u0300cle-PUB-601x1024.png 601w, https:\/\/www.lagencedepub.be\/wp-content\/uploads\/2021\/07\/Preview-article-Edebex-emme\u0300ne-les-Franc\u0327ais-au-21e-sie\u0300cle-PUB-768x1309.png 768w\" data-sizes=\"(max-width: 786px) 100vw, 786px\" src=\"data:image\/svg+xml;base64,PHN2ZyB3aWR0aD0iMSIgaGVpZ2h0PSIxIiB4bWxucz0iaHR0cDovL3d3dy53My5vcmcvMjAwMC9zdmciPjwvc3ZnPg==\" style=\"--smush-placeholder-width: 786px; --smush-placeholder-aspect-ratio: 786\/1340;\" \/><\/a><\/figure><div class=\"elementor-image-box-content\"><h3 class=\"elementor-image-box-title\"><a href=\"https:\/\/pub.be\/fr\/edebex-emmene-les-francais-au-21e-siecle\/\" target=\"_blank\">EDEBEX EMM\u00c8NE LES FRAN\u00c7AIS AU 21E SI\u00c8CLE<\/a><\/h3><p class=\"elementor-image-box-description\">Article magazine PUB | 2\/05\/2017<\/p><\/div><\/div>\t\t\t\t<\/div>\n\t\t\t\t<\/div>\n\t\t\t\t\t<\/div>\n\t\t<\/div>\n\t\t\t\t<div class=\"elementor-column elementor-col-33 elementor-top-column elementor-element elementor-element-bd3f49c\" data-id=\"bd3f49c\" data-element_type=\"column\" data-e-type=\"column\">\n\t\t\t<div class=\"elementor-widget-wrap\">\n\t\t\t\t\t\t\t<\/div>\n\t\t<\/div>\n\t\t\t\t\t<\/div>\n\t\t<\/section>\n\t\t\t\t<\/div>\n\t\t","protected":false},"excerpt":{"rendered":"<p>THE STORY About L&#8217;AGENCE DE PUB A 360\u00b0 advertising agency with a creative and strategic DNA. Founded in 2016 by Pascal Wouters, L&#8217;Agence de PUB is a 360\u00b0 full-service advertising agency with a creative and strategic DNA. By placing creative values and a claimed passion for brands at the heart of its business, it converges&hellip;&nbsp;<a href=\"https:\/\/www.lagencedepub.be\/en\/about-founder-team\/\" rel=\"bookmark\">Read More &raquo;<span class=\"screen-reader-text\">A propos &#038; fondateur \/ team<\/span><\/a><\/p>\n","protected":false},"author":3,"featured_media":23317,"parent":0,"menu_order":0,"comment_status":"closed","ping_status":"closed","template":"page-templates\/template-pagebuilder-full-width.php","meta":{"_eb_attr":"","inline_featured_image":false,"neve_meta_sidebar":"full-width","neve_meta_container":"","neve_meta_enable_content_width":"on","neve_meta_content_width":100,"neve_meta_title_alignment":"","neve_meta_author_avatar":"","neve_post_elements_order":"","neve_meta_disable_header":"","neve_meta_disable_footer":"","neve_meta_disable_title":"","neve_meta_reading_time":"","footnotes":""},"class_list":["post-4686","page","type-page","status-publish","has-post-thumbnail","hentry"],"_links":{"self":[{"href":"https:\/\/www.lagencedepub.be\/en\/wp-json\/wp\/v2\/pages\/4686","targetHints":{"allow":["GET"]}}],"collection":[{"href":"https:\/\/www.lagencedepub.be\/en\/wp-json\/wp\/v2\/pages"}],"about":[{"href":"https:\/\/www.lagencedepub.be\/en\/wp-json\/wp\/v2\/types\/page"}],"author":[{"embeddable":true,"href":"https:\/\/www.lagencedepub.be\/en\/wp-json\/wp\/v2\/users\/3"}],"replies":[{"embeddable":true,"href":"https:\/\/www.lagencedepub.be\/en\/wp-json\/wp\/v2\/comments?post=4686"}],"version-history":[{"count":31,"href":"https:\/\/www.lagencedepub.be\/en\/wp-json\/wp\/v2\/pages\/4686\/revisions"}],"predecessor-version":[{"id":22514,"href":"https:\/\/www.lagencedepub.be\/en\/wp-json\/wp\/v2\/pages\/4686\/revisions\/22514"}],"wp:featuredmedia":[{"embeddable":true,"href":"https:\/\/www.lagencedepub.be\/en\/wp-json\/wp\/v2\/media\/23317"}],"wp:attachment":[{"href":"https:\/\/www.lagencedepub.be\/en\/wp-json\/wp\/v2\/media?parent=4686"}],"curies":[{"name":"wp","href":"https:\/\/api.w.org\/{rel}","templated":true}]}}